{"id":26,"date":"2022-05-09T16:07:39","date_gmt":"2022-05-09T16:07:39","guid":{"rendered":"https:\/\/administrativa.facmed.unam.mx\/?page_id=26"},"modified":"2026-05-04T20:01:10","modified_gmt":"2026-05-04T20:01:10","slug":"directorio","status":"publish","type":"page","link":"https:\/\/administrativa.facmed.unam.mx\/index.php\/directorio\/","title":{"rendered":"Directorio"},"content":{"rendered":"<p>[et_pb_section fb_built=\u00bb1&#8243; _builder_version=\u00bb4.25.0&#8243; _module_preset=\u00bbdefault\u00bb custom_padding=\u00bb63px|||||\u00bb global_colors_info=\u00bb{}\u00bb][et_pb_row column_structure=\u00bb1_3,1_3,1_3&#8243; _builder_version=\u00bb4.25.0&#8243; _module_preset=\u00bbdefault\u00bb min_height=\u00bb161px\u00bb height=\u00bb176px\u00bb max_height=\u00bb257px\u00bb custom_margin=\u00bb-67px|auto|0px|auto|false|false\u00bb locked=\u00bboff\u00bb global_colors_info=\u00bb{}\u00bb][et_pb_column type=\u00bb1_3&#8243; _builder_version=\u00bb4.22.1&#8243; _module_preset=\u00bbdefault\u00bb global_colors_info=\u00bb{}\u00bb][et_pb_text _builder_version=\u00bb4.25.0&#8243; _module_preset=\u00bbdefault\u00bb text_font_size=\u00bb15px\u00bb text_line_height=\u00bb0.9em\u00bb header_4_font_size=\u00bb20px\u00bb min_height=\u00bb63.5px\u00bb custom_margin=\u00bb3px||||false|false\u00bb custom_padding=\u00bb||||false|false\u00bb global_colors_info=\u00bb{}\u00bb]<\/p>\n<h4>SECRETARIO ADMINISTRATIVO<\/h4>\n<p style=\"text-align: justify;\">C.P Pedro Colio Mart\u00ednez<\/p>\n<p style=\"text-align: justify;\">Email: secretariaadministrativa@facmed.unam.mx<\/p>\n<p style=\"text-align: justify;\">Extensi\u00f3n:\u00a0 32410-32430<\/p>\n<p>[\/et_pb_text][\/et_pb_column][et_pb_column type=\u00bb1_3&#8243; _builder_version=\u00bb4.25.0&#8243; _module_preset=\u00bbdefault\u00bb custom_padding=\u00bb|3px|||false|false\u00bb global_colors_info=\u00bb{}\u00bb][et_pb_text _builder_version=\u00bb4.25.0&#8243; _module_preset=\u00bbdefault\u00bb text_font_size=\u00bb15px\u00bb text_line_height=\u00bb0.9em\u00bb header_4_font_size=\u00bb20px\u00bb width=\u00bb100%\u00bb custom_margin=\u00bb1px|-22px|||false|false\u00bb custom_padding=\u00bb|0px||0px||\u00bb global_colors_info=\u00bb{}\u00bb]<\/p>\n<h4>COORDINADORA DE OPERACI\u00d3N Y CONTROL ADMINISTRATIVO<\/h4>\n<p>Mtra. Maria Elena Reyna R\u00edos<\/p>\n<p>Email:<\/p>\n<p>coordinaciondeoperacion@facmed.unam.mx<\/p>\n<p>Extensi\u00f3n: 32411<\/p>\n<p>[\/et_pb_text][\/et_pb_column][et_pb_column type=\u00bb1_3&#8243; _builder_version=\u00bb4.25.0&#8243; _module_preset=\u00bbdefault\u00bb global_colors_info=\u00bb{}\u00bb][et_pb_text _builder_version=\u00bb4.25.0&#8243; _module_preset=\u00bbdefault\u00bb text_font_size=\u00bb15px\u00bb text_line_height=\u00bb0.9em\u00bb header_4_font_size=\u00bb20px\u00bb min_height=\u00bb106px\u00bb custom_margin=\u00bb-1px||||false|false\u00bb global_colors_info=\u00bb{}\u00bb]<\/p>\n<h4><span data-olk-copy-source=\"MessageBody\">DELEGADO ADMINISTRATIVO DE POSGRADO<\/span><\/h4>\n<p>Aaron Casta\u00f1eda Ortiz<\/p>\n<p>Email: aaronc@unam.mx<\/p>\n<p>Extensi\u00f3n: 37257<\/p>\n<p>[\/et_pb_text][\/et_pb_column][\/et_pb_row][et_pb_row column_structure=\u00bb1_3,1_3,1_3&#8243; _builder_version=\u00bb4.25.0&#8243; _module_preset=\u00bbdefault\u00bb min_height=\u00bb287px\u00bb height=\u00bb324px\u00bb max_height=\u00bb353px\u00bb custom_margin=\u00bb35px|auto|0px|auto|false|false\u00bb locked=\u00bboff\u00bb global_colors_info=\u00bb{}\u00bb][et_pb_column type=\u00bb1_3&#8243; _builder_version=\u00bb4.22.1&#8243; _module_preset=\u00bbdefault\u00bb global_colors_info=\u00bb{}\u00bb][et_pb_text _builder_version=\u00bb4.25.0&#8243; _module_preset=\u00bbdefault\u00bb text_font_size=\u00bb15px\u00bb text_line_height=\u00bb0.9em\u00bb custom_margin=\u00bb-3px|||||\u00bb custom_padding=\u00bb4px|||||\u00bb global_colors_info=\u00bb{}\u00bb]<\/p>\n<h4><\/h4>\n<h4>COORDINADORA DE OPERACI\u00d3N ADMINISTRATIVA DE INVESTIGACI\u00d3N<\/h4>\n<p>Mtra.Fernanda Pereira da Costa<\/p>\n<p>Email: fpereira@unam.mx<\/p>\n<p>Extensi\u00f3n: 43047<\/p>\n<p>[\/et_pb_text][\/et_pb_column][et_pb_column type=\u00bb1_3&#8243; _builder_version=\u00bb4.25.0&#8243; _module_preset=\u00bbdefault\u00bb global_colors_info=\u00bb{}\u00bb][et_pb_text _builder_version=\u00bb4.25.0&#8243; _module_preset=\u00bbdefault\u00bb text_line_height=\u00bb0.9em\u00bb header_4_font_size=\u00bb17px\u00bb custom_margin=\u00bb1px|||||\u00bb global_colors_info=\u00bb{}\u00bb]<\/p>\n<h4>JEFE DE DEPARTAMENTO CONTABILIDAD, PRESUPUESTO Y TR\u00c1MITE<\/h4>\n<p>Lic. Alejandro L. Alcaraz Ch\u00e1vez<\/p>\n<p>Email: aalcaraz@unam.mx<\/p>\n<p>Extensi\u00f3n:32436<\/p>\n<p>[\/et_pb_text][\/et_pb_column][et_pb_column type=\u00bb1_3&#8243; _builder_version=\u00bb4.25.0&#8243; _module_preset=\u00bbdefault\u00bb global_colors_info=\u00bb{}\u00bb][et_pb_text _builder_version=\u00bb4.25.0&#8243; _module_preset=\u00bbdefault\u00bb text_line_height=\u00bb0.9em\u00bb min_height=\u00bb137.8px\u00bb custom_margin=\u00bb3px|||||\u00bb custom_padding=\u00bb0px|||||\u00bb global_colors_info=\u00bb{}\u00bb]<\/p>\n<h4>JEFE DE DEPARTAMENTO SERVICIOS GENERALES<\/h4>\n<p>Lic. Rogelio \u00c1lvarez Guerrero<\/p>\n<p>Email: serviciosgenerales@facmed.unam.mx<\/p>\n<p>Extensi\u00f3n: 45087<\/p>\n<p>[\/et_pb_text][et_pb_text _builder_version=\u00bb4.25.0&#8243; _module_preset=\u00bbdefault\u00bb global_colors_info=\u00bb{}\u00bb][\/et_pb_text][\/et_pb_column][\/et_pb_row][et_pb_row column_structure=\u00bb1_3,1_3,1_3&#8243; _builder_version=\u00bb4.25.0&#8243; _module_preset=\u00bbdefault\u00bb min_height=\u00bb172px\u00bb height=\u00bb250px\u00bb max_height=\u00bb161px\u00bb custom_margin=\u00bb-100px|auto|0px|auto|false|false\u00bb locked=\u00bboff\u00bb global_colors_info=\u00bb{}\u00bb][et_pb_column type=\u00bb1_3&#8243; _builder_version=\u00bb4.22.1&#8243; _module_preset=\u00bbdefault\u00bb global_colors_info=\u00bb{}\u00bb][et_pb_text _builder_version=\u00bb4.25.0&#8243; _module_preset=\u00bbdefault\u00bb text_font_size=\u00bb15px\u00bb text_line_height=\u00bb0.9em\u00bb header_4_font_size=\u00bb20px\u00bb global_colors_info=\u00bb{}\u00bb]<\/p>\n<h4>JEFE DE DEPARTAMENTO PERSONAL ADMINISTRATIVO<\/h4>\n<p>Mtro. Jos\u00e9 Rafael Campos Padr\u00f3n<\/p>\n<p>Email: personaladministrativo@facmed.unam.mx<\/p>\n<p>Extensi\u00f3n:32414<\/p>\n<p>[\/et_pb_text][\/et_pb_column][et_pb_column type=\u00bb1_3&#8243; _builder_version=\u00bb4.25.0&#8243; _module_preset=\u00bbdefault\u00bb global_colors_info=\u00bb{}\u00bb][et_pb_text _builder_version=\u00bb4.25.0&#8243; _module_preset=\u00bbdefault\u00bb text_font_size=\u00bb15px\u00bb text_line_height=\u00bb0.9em\u00bb header_4_font_size=\u00bb20px\u00bb global_colors_info=\u00bb{}\u00bb]<\/p>\n<h4>JEFA DE DEPARTAMENTO COORDINACI\u00d3N DE DESCONCENTRACI\u00d3N\u00a0 \u00a0 ADMINISTRATIVA<\/h4>\n<p>Mtra. Estefania Jaime Villanueva<\/p>\n<p>Email: estefaniajv@facmed.unam.mx<\/p>\n<p>Extensi\u00f3n:32409<\/p>\n<p>&nbsp;<\/p>\n<p>&nbsp;<\/p>\n<p>[\/et_pb_text][\/et_pb_column][et_pb_column type=\u00bb1_3&#8243; _builder_version=\u00bb4.25.0&#8243; _module_preset=\u00bbdefault\u00bb global_colors_info=\u00bb{}\u00bb][et_pb_text _builder_version=\u00bb4.25.0&#8243; _module_preset=\u00bbdefault\u00bb text_font_size=\u00bb15px\u00bb text_line_height=\u00bb0.9em\u00bb header_4_font_size=\u00bb20px\u00bb global_colors_info=\u00bb{}\u00bb]<\/p>\n<h4>JEFA DE DEPARTAMENTO DE PROTECCI\u00d3N CIVIL Y SEGURIDAD<\/h4>\n<p>Mtrante. GIRPC Raquel Santos Mora<\/p>\n<p>Email: rsantos@facmed.unam.mx<\/p>\n<p>Extensi\u00f3n:45189<\/p>\n<p>[\/et_pb_text][et_pb_text _builder_version=\u00bb4.25.0&#8243; _module_preset=\u00bbdefault\u00bb global_colors_info=\u00bb{}\u00bb][\/et_pb_text][\/et_pb_column][\/et_pb_row][et_pb_row column_structure=\u00bb1_3,1_3,1_3&#8243; _builder_version=\u00bb4.25.0&#8243; _module_preset=\u00bbdefault\u00bb min_height=\u00bb209px\u00bb height=\u00bb242px\u00bb max_height=\u00bb187px\u00bb custom_margin=\u00bb50px|auto|0px|auto|false|false\u00bb locked=\u00bboff\u00bb global_colors_info=\u00bb{}\u00bb][et_pb_column type=\u00bb1_3&#8243; _builder_version=\u00bb4.22.1&#8243; _module_preset=\u00bbdefault\u00bb global_colors_info=\u00bb{}\u00bb][et_pb_text _builder_version=\u00bb4.25.0&#8243; _module_preset=\u00bbdefault\u00bb text_font_size=\u00bb15px\u00bb text_line_height=\u00bb0.9em\u00bb header_4_font_size=\u00bb20px\u00bb global_colors_info=\u00bb{}\u00bb]<\/p>\n<h4>JEFA DE DEPARTAMENTO INGRESOS Y EGRESOS<\/h4>\n<p>Lic. Loreli Estefania Rodr\u00edguez Vargas<\/p>\n<p>Email: loreli.rodriguezv@facmed.unam.mx<\/p>\n<p>Extensi\u00f3n: 32415<\/p>\n<p>[\/et_pb_text][\/et_pb_column][et_pb_column type=\u00bb1_3&#8243; _builder_version=\u00bb4.25.0&#8243; _module_preset=\u00bbdefault\u00bb global_colors_info=\u00bb{}\u00bb][et_pb_text _builder_version=\u00bb4.25.0&#8243; _module_preset=\u00bbdefault\u00bb text_font_size=\u00bb15px\u00bb text_line_height=\u00bb0.9em\u00bb header_4_font_size=\u00bb20px\u00bb global_colors_info=\u00bb{}\u00bb]<\/p>\n<h4>JEFE DE DEPARTAMENTO BIENES Y SUMINISTROS<\/h4>\n<p>Mtro. \u00c1ngel Rodr\u00edguez Alba<\/p>\n<p>Email: arodriguezalba@facmed.unam.mx<br \/>bienesysuministros@facmed.unam.mx<\/p>\n<p>Extensi\u00f3n: 32434<\/p>\n<p>&nbsp;<\/p>\n<p>&nbsp;<\/p>\n<p>[\/et_pb_text][\/et_pb_column][et_pb_column type=\u00bb1_3&#8243; _builder_version=\u00bb4.25.0&#8243; _module_preset=\u00bbdefault\u00bb global_colors_info=\u00bb{}\u00bb][et_pb_text _builder_version=\u00bb4.25.0&#8243; _module_preset=\u00bbdefault\u00bb text_font_size=\u00bb15px\u00bb text_line_height=\u00bb0.9em\u00bb header_4_font_size=\u00bb20px\u00bb global_colors_info=\u00bb{}\u00bb]<\/p>\n<h4>JEFA DE DEPARTAMENTO DISE\u00d1O GR\u00c1FICO E IMPRENTA<\/h4>\n<p>Mtra. Liliana Garrido Guti\u00e9rrez<\/p>\n<p>Email: lilianagrrido@unam.mx<\/p>\n<p>Extensi\u00f3n: 45138<\/p>\n<p>[\/et_pb_text][et_pb_text _builder_version=\u00bb4.25.0&#8243; _module_preset=\u00bbdefault\u00bb global_colors_info=\u00bb{}\u00bb][\/et_pb_text][\/et_pb_column][\/et_pb_row][et_pb_row column_structure=\u00bb1_3,1_3,1_3&#8243; _builder_version=\u00bb4.25.0&#8243; _module_preset=\u00bbdefault\u00bb min_height=\u00bb202px\u00bb height=\u00bb191px\u00bb max_height=\u00bb261px\u00bb custom_margin=\u00bb50px|auto|0px|auto|false|false\u00bb locked=\u00bboff\u00bb global_colors_info=\u00bb{}\u00bb][et_pb_column type=\u00bb1_3&#8243; _builder_version=\u00bb4.22.1&#8243; _module_preset=\u00bbdefault\u00bb global_colors_info=\u00bb{}\u00bb][et_pb_text _builder_version=\u00bb4.25.0&#8243; _module_preset=\u00bbdefault\u00bb text_font_size=\u00bb15px\u00bb text_line_height=\u00bb0.9em\u00bb header_4_font_size=\u00bb20px\u00bb global_colors_info=\u00bb{}\u00bb]<\/p>\n<h4>L\u00cdDER DE PROYECTO ARCHIVO Y CORRESPONDENCIA<\/h4>\n<p>Jos\u00e9 Huerta Baltazar<\/p>\n<p>Email: jhuertab@unam.mx<\/p>\n<p>Extensi\u00f3n:32437<\/p>\n<p>[\/et_pb_text][\/et_pb_column][et_pb_column type=\u00bb1_3&#8243; _builder_version=\u00bb4.25.0&#8243; _module_preset=\u00bbdefault\u00bb global_colors_info=\u00bb{}\u00bb][et_pb_text _builder_version=\u00bb4.25.0&#8243; _module_preset=\u00bbdefault\u00bb text_font_size=\u00bb15px\u00bb text_line_height=\u00bb0.9em\u00bb header_4_font_size=\u00bb20px\u00bb global_colors_info=\u00bb{}\u00bb]<\/p>\n<h4>JEFE DEL DEPARTAMENTO DE DESARROLLO ADMINISTRATIVO<\/h4>\n<p>Lic. Isaac Contreras Carrillo<\/p>\n<p>Email: icontreras@facmed.unam.mx<\/p>\n<p>Extensi\u00f3n:\u00a032308<\/p>\n<p>&nbsp;<\/p>\n<p>[\/et_pb_text][\/et_pb_column][et_pb_column type=\u00bb1_3&#8243; _builder_version=\u00bb4.25.0&#8243; _module_preset=\u00bbdefault\u00bb global_colors_info=\u00bb{}\u00bb][et_pb_text _builder_version=\u00bb4.25.0&#8243; _module_preset=\u00bbdefault\u00bb text_font_size=\u00bb15px\u00bb text_line_height=\u00bb0.9em\u00bb header_4_font_size=\u00bb20px\u00bb global_colors_info=\u00bb{}\u00bb]<\/p>\n<h4>JEFA DEL DEPARTAMENTO DE PAGADUR\u00cdA<\/h4>\n<p>Mauricio Mora Paz<\/p>\n<p>Email: pagaduriafm@facmed.unam.mx<\/p>\n<p>Extensi\u00f3n:32506<\/p>\n<p>[\/et_pb_text][et_pb_text _builder_version=\u00bb4.25.0&#8243; _module_preset=\u00bbdefault\u00bb global_colors_info=\u00bb{}\u00bb][\/et_pb_text][\/et_pb_column][\/et_pb_row][et_pb_row column_structure=\u00bb1_3,1_3,1_3&#8243; _builder_version=\u00bb4.25.0&#8243; _module_preset=\u00bbdefault\u00bb min_height=\u00bb216px\u00bb height=\u00bb231px\u00bb max_height=\u00bb231px\u00bb custom_margin=\u00bb35px|auto|0px|auto|false|false\u00bb locked=\u00bboff\u00bb global_colors_info=\u00bb{}\u00bb][et_pb_column type=\u00bb1_3&#8243; _builder_version=\u00bb4.22.1&#8243; _module_preset=\u00bbdefault\u00bb global_colors_info=\u00bb{}\u00bb][et_pb_text _builder_version=\u00bb4.25.0&#8243; _module_preset=\u00bbdefault\u00bb text_font_size=\u00bb15px\u00bb text_line_height=\u00bb0.9em\u00bb header_4_font_size=\u00bb20px\u00bb global_colors_info=\u00bb{}\u00bb]<\/p>\n<h4>JEFA DE UNIDAD ADMINISTRATIVA MEDICINA EXPERIMENTAL<\/h4>\n<p>Mtra. Ma. de Lourdes Salinas Gonz\u00e1lez<\/p>\n<p>Email: maria.salinas@unam.mx<\/p>\n<p>Extensi\u00f3n:32656<\/p>\n<p>[\/et_pb_text][\/et_pb_column][et_pb_column type=\u00bb1_3&#8243; _builder_version=\u00bb4.25.0&#8243; _module_preset=\u00bbdefault\u00bb global_colors_info=\u00bb{}\u00bb][et_pb_text _builder_version=\u00bb4.25.0&#8243; _module_preset=\u00bbdefault\u00bb text_font_size=\u00bb15px\u00bb text_line_height=\u00bb0.9em\u00bb header_4_font_size=\u00bb19px\u00bb global_colors_info=\u00bb{}\u00bb]<\/p>\n<h4>JEFE DE UNIDAD ADMINISTRATIVA EMBRIOLOG\u00cdA<\/h4>\n<p>Lic. Oscar Silva Salgado<\/p>\n<p>Email: ossilva57@comunidad.unam.mx<\/p>\n<p>Extensi\u00f3n:32352<\/p>\n<p>&nbsp;<\/p>\n<p>[\/et_pb_text][\/et_pb_column][et_pb_column type=\u00bb1_3&#8243; _builder_version=\u00bb4.25.0&#8243; _module_preset=\u00bbdefault\u00bb global_colors_info=\u00bb{}\u00bb][et_pb_text _builder_version=\u00bb4.25.0&#8243; _module_preset=\u00bbdefault\u00bb text_font_size=\u00bb15px\u00bb text_line_height=\u00bb0.9em\u00bb header_4_font_size=\u00bb20px\u00bb global_colors_info=\u00bb{}\u00bb]<\/p>\n<h4>JEFE DE UNIDAD ADMINISTRATIVA CIRUG\u00cdA<\/h4>\n<p>Lic. Armando Montiel Iglesias<\/p>\n<p>Email: amontiel1@hotmail.com<\/p>\n<p>Extensi\u00f3n: 32170<\/p>\n<p>[\/et_pb_text][et_pb_text _builder_version=\u00bb4.25.0&#8243; _module_preset=\u00bbdefault\u00bb global_colors_info=\u00bb{}\u00bb][\/et_pb_text][\/et_pb_column][\/et_pb_row][et_pb_row column_structure=\u00bb1_3,1_3,1_3&#8243; _builder_version=\u00bb4.25.0&#8243; _module_preset=\u00bbdefault\u00bb min_height=\u00bb220px\u00bb height=\u00bb220px\u00bb max_height=\u00bb220px\u00bb custom_margin=\u00bb10px|auto|0px|auto|false|false\u00bb locked=\u00bboff\u00bb global_colors_info=\u00bb{}\u00bb][et_pb_column type=\u00bb1_3&#8243; _builder_version=\u00bb4.22.1&#8243; _module_preset=\u00bbdefault\u00bb global_colors_info=\u00bb{}\u00bb][et_pb_text _builder_version=\u00bb4.25.0&#8243; _module_preset=\u00bbdefault\u00bb text_font_size=\u00bb15px\u00bb text_line_height=\u00bb0.9em\u00bb header_4_font_size=\u00bb20px\u00bb global_colors_info=\u00bb{}\u00bb]<\/p>\n<h4><\/h4>\n<h4>JEFA DE UNIDAD ADMINISTRATIVA ANATOM\u00cdA<\/h4>\n<p>Mtra. Ana Martha Carre\u00f1o Ram\u00edrez<\/p>\n<p>Email: ana.carreno@facmed.unam.mx<\/p>\n<p>Extensi\u00f3n:32422<\/p>\n<p>[\/et_pb_text][\/et_pb_column][et_pb_column type=\u00bb1_3&#8243; _builder_version=\u00bb4.25.0&#8243; _module_preset=\u00bbdefault\u00bb global_colors_info=\u00bb{}\u00bb][et_pb_text _builder_version=\u00bb4.25.0&#8243; _module_preset=\u00bbdefault\u00bb text_font_size=\u00bb15px\u00bb text_line_height=\u00bb0.9em\u00bb header_4_font_size=\u00bb20px\u00bb global_colors_info=\u00bb{}\u00bb]<\/p>\n<h4>JEFA DE UNIDAD ADMINISTRATIVA MICROBIOLOG\u00cdA Y PARASITOLOG\u00cdA<\/h4>\n<p>Lic. Andrea L. Resendiz Flores<\/p>\n<p>Email: fm.microbiologia@gmail.com<\/p>\n<p>Extensi\u00f3n:32386<\/p>\n<p>[\/et_pb_text][\/et_pb_column][et_pb_column type=\u00bb1_3&#8243; _builder_version=\u00bb4.25.0&#8243; _module_preset=\u00bbdefault\u00bb global_colors_info=\u00bb{}\u00bb][et_pb_text _builder_version=\u00bb4.25.0&#8243; _module_preset=\u00bbdefault\u00bb text_font_size=\u00bb15px\u00bb text_line_height=\u00bb0.9em\u00bb header_4_font_size=\u00bb20px\u00bb global_colors_info=\u00bb{}\u00bb]<\/p>\n<h4>JEFE DE UNIDAD ADMINISTRATIVA FARMACOLOG\u00cdA M\u00c9DICA<\/h4>\n<p>Mtro. Julio C. Estrada Subizar<\/p>\n<p>Email: jestrada@unam.mx<\/p>\n<p>Extensi\u00f3n:32176<\/p>\n<p>[\/et_pb_text][et_pb_text _builder_version=\u00bb4.25.0&#8243; _module_preset=\u00bbdefault\u00bb global_colors_info=\u00bb{}\u00bb][\/et_pb_text][\/et_pb_column][\/et_pb_row][et_pb_row column_structure=\u00bb1_3,1_3,1_3&#8243; _builder_version=\u00bb4.25.0&#8243; _module_preset=\u00bbdefault\u00bb min_height=\u00bb227px\u00bb height=\u00bb239px\u00bb max_height=\u00bb250px\u00bb custom_margin=\u00bb20px|auto|0px|auto|false|false\u00bb locked=\u00bboff\u00bb global_colors_info=\u00bb{}\u00bb][et_pb_column type=\u00bb1_3&#8243; _builder_version=\u00bb4.22.1&#8243; _module_preset=\u00bbdefault\u00bb global_colors_info=\u00bb{}\u00bb][et_pb_text _builder_version=\u00bb4.25.0&#8243; _module_preset=\u00bbdefault\u00bb text_font_size=\u00bb15px\u00bb text_line_height=\u00bb0.9em\u00bb header_4_font_size=\u00bb20px\u00bb global_colors_info=\u00bb{}\u00bb]<\/p>\n<h4>JEFE DE UNIDAD ADMINISTRATIVA BIOQU\u00cdMICA<\/h4>\n<p>Lic. Fernando V. Farf\u00e1n Cabrera<\/p>\n<p>Email: fdovfc@hotmail.com<\/p>\n<p>Extensi\u00f3n:32290<\/p>\n<p>[\/et_pb_text][\/et_pb_column][et_pb_column type=\u00bb1_3&#8243; _builder_version=\u00bb4.25.0&#8243; _module_preset=\u00bbdefault\u00bb global_colors_info=\u00bb{}\u00bb][et_pb_text _builder_version=\u00bb4.25.0&#8243; _module_preset=\u00bbdefault\u00bb text_font_size=\u00bb15px\u00bb text_line_height=\u00bb0.9em\u00bb header_4_font_size=\u00bb20px\u00bb global_colors_info=\u00bb{}\u00bb]<\/p>\n<h4>JEFE DE UNIDAD ADMINISTRATIVA ENSE\u00d1ANZA CL\u00cdNICA<\/h4>\n<p>Mtro. Eduardo Mart\u00ednez Ram\u00edrez<\/p>\n<p>Email: eduardo.seciss@gmail.com<\/p>\n<p>Extensi\u00f3n:32218<\/p>\n<p>[\/et_pb_text][\/et_pb_column][et_pb_column type=\u00bb1_3&#8243; _builder_version=\u00bb4.25.0&#8243; _module_preset=\u00bbdefault\u00bb global_colors_info=\u00bb{}\u00bb][et_pb_text _builder_version=\u00bb4.25.0&#8243; _module_preset=\u00bbdefault\u00bb text_font_size=\u00bb15px\u00bb text_line_height=\u00bb0.9em\u00bb header_4_font_size=\u00bb20px\u00bb global_colors_info=\u00bb{}\u00bb]<\/p>\n<h4>JEFE DE UNIDAD ADMINISTRATIVA PALACIO DE MEDICINA<\/h4>\n<p>Maurilio Cabrera Hern\u00e1ndez<\/p>\n<p>Email: mao.cabrera@hotmail.com<\/p>\n<p>Extensi\u00f3n:33100<\/p>\n<p>[\/et_pb_text][et_pb_text _builder_version=\u00bb4.25.0&#8243; _module_preset=\u00bbdefault\u00bb global_colors_info=\u00bb{}\u00bb][\/et_pb_text][\/et_pb_column][\/et_pb_row][et_pb_row column_structure=\u00bb1_3,1_3,1_3&#8243; _builder_version=\u00bb4.25.0&#8243; _module_preset=\u00bbdefault\u00bb min_height=\u00bb224px\u00bb height=\u00bb257px\u00bb max_height=\u00bb246px\u00bb custom_margin=\u00bb-55px|auto|0px|auto|false|false\u00bb locked=\u00bboff\u00bb global_colors_info=\u00bb{}\u00bb][et_pb_column type=\u00bb1_3&#8243; _builder_version=\u00bb4.22.1&#8243; _module_preset=\u00bbdefault\u00bb global_colors_info=\u00bb{}\u00bb][et_pb_text _builder_version=\u00bb4.25.0&#8243; _module_preset=\u00bbdefault\u00bb text_font_size=\u00bb15px\u00bb text_line_height=\u00bb0.9em\u00bb header_4_font_size=\u00bb20px\u00bb global_colors_info=\u00bb{}\u00bb]<\/p>\n<h4>JEFE DE UNIDAD ADMINISTRATIVA FISIOLOG\u00cdA<\/h4>\n<p>Mtro. Francisco Javier P\u00e9rez Cruz<\/p>\n<p>Email: fpcruzz@facmed.unam.mx<\/p>\n<p>Extensi\u00f3n:32361<\/p>\n<p>[\/et_pb_text][\/et_pb_column][et_pb_column type=\u00bb1_3&#8243; _builder_version=\u00bb4.25.0&#8243; _module_preset=\u00bbdefault\u00bb global_colors_info=\u00bb{}\u00bb][et_pb_text _builder_version=\u00bb4.25.0&#8243; _module_preset=\u00bbdefault\u00bb text_font_size=\u00bb15px\u00bb text_line_height=\u00bb0.9em\u00bb header_4_font_size=\u00bb20px\u00bb global_colors_info=\u00bb{}\u00bb]<\/p>\n<h4>JEFA DE UNIDAD ADMINISTRATIVA<\/h4>\n<h4>SALUD P\u00daBLICA,<\/h4>\n<h4>PSIQUIATR\u00cdA Y SALUD MENTAL.<\/h4>\n<p>Mtra. Ofelia Jim\u00e9nez Guti\u00e9rrez<\/p>\n<p>E mail: ofe.jimenez@comunidad.unam.mx<\/p>\n<p>Extensi\u00f3n:32447<\/p>\n<p>[\/et_pb_text][\/et_pb_column][et_pb_column type=\u00bb1_3&#8243; _builder_version=\u00bb4.25.0&#8243; _module_preset=\u00bbdefault\u00bb global_colors_info=\u00bb{}\u00bb][et_pb_text _builder_version=\u00bb4.25.0&#8243; _module_preset=\u00bbdefault\u00bb text_font_size=\u00bb15px\u00bb text_line_height=\u00bb0.9em\u00bb header_4_font_size=\u00bb20px\u00bb custom_padding=\u00bb||0px|||\u00bb hover_enabled=\u00bb0&#8243; global_colors_info=\u00bb{}\u00bb sticky_enabled=\u00bb0&#8243;]<\/p>\n<h4>JEFA DE UNIDAD ADMINISTRATIVA BIOLOG\u00cdA CELULAR Y TISULAR<\/h4>\n<p>L.C.\u00a0 Mar\u00eda Elena Alfaro Camacho<\/p>\n<p>Email: mariel.ac@unam.mx<\/p>\n<p>Extensi\u00f3n:32198<\/p>\n<p>[\/et_pb_text][et_pb_text _builder_version=\u00bb4.25.0&#8243; _module_preset=\u00bbdefault\u00bb global_colors_info=\u00bb{}\u00bb][\/et_pb_text][\/et_pb_column][\/et_pb_row][et_pb_row column_structure=\u00bb1_3,1_3,1_3&#8243; _builder_version=\u00bb4.25.0&#8243; _module_preset=\u00bbdefault\u00bb min_height=\u00bb216px\u00bb height=\u00bb216px\u00bb max_height=\u00bb224px\u00bb custom_margin=\u00bb-45px|auto|0px|auto|false|false\u00bb locked=\u00bboff\u00bb global_colors_info=\u00bb{}\u00bb][et_pb_column type=\u00bb1_3&#8243; _builder_version=\u00bb4.22.1&#8243; _module_preset=\u00bbdefault\u00bb global_colors_info=\u00bb{}\u00bb][et_pb_text _builder_version=\u00bb4.25.0&#8243; _module_preset=\u00bbdefault\u00bb text_font_size=\u00bb15px\u00bb text_line_height=\u00bb0.9em\u00bb header_4_font_size=\u00bb20px\u00bb global_colors_info=\u00bb{}\u00bb]<\/p>\n<h4>JEFE DE DEPARTAMENTO PROYECTOS ARQUITECT\u00d3NICOS<\/h4>\n<p>Arq. Jos\u00e9 El\u00edas Moreno Mendoza<\/p>\n<p>Email: arqjemm@ comunidad.unam.mx<\/p>\n<p><span style=\"font-size: medium;\">Extensi\u00f3n:32294<\/span><\/p>\n<p>[\/et_pb_text][\/et_pb_column][et_pb_column type=\u00bb1_3&#8243; _builder_version=\u00bb4.25.0&#8243; _module_preset=\u00bbdefault\u00bb global_colors_info=\u00bb{}\u00bb][et_pb_text _builder_version=\u00bb4.25.0&#8243; _module_preset=\u00bbdefault\u00bb text_font_size=\u00bb15px\u00bb text_line_height=\u00bb0.9em\u00bb header_4_font_size=\u00bb20px\u00bb global_colors_info=\u00bb{}\u00bb]<\/p>\n<h4>L\u00cdDER DE PROYECTOS SUPERVISI\u00d3N Y CONTROL DE OBRA<\/h4>\n<p>Ing. Roberto Xochihua Ch\u00e1vez<\/p>\n<p>E mail: xochihua3@yahoo.com.mx<\/p>\n<p>Extensi\u00f3n:32320<\/p>\n<p>[\/et_pb_text][\/et_pb_column][et_pb_column type=\u00bb1_3&#8243; _builder_version=\u00bb4.25.0&#8243; _module_preset=\u00bbdefault\u00bb global_colors_info=\u00bb{}\u00bb][et_pb_text _builder_version=\u00bb4.25.0&#8243; _module_preset=\u00bbdefault\u00bb global_colors_info=\u00bb{}\u00bb][\/et_pb_text][\/et_pb_column][\/et_pb_row][\/et_pb_section]<\/p>\n","protected":false},"excerpt":{"rendered":"<p>SECRETARIO ADMINISTRATIVO C.P Pedro Colio Mart\u00ednez Email: secretariaadministrativa@facmed.unam.mx Extensi\u00f3n:\u00a0 32410-32430COORDINADORA DE OPERACI\u00d3N Y CONTROL ADMINISTRATIVO Mtra. Maria Elena Reyna R\u00edos Email: coordinaciondeoperacion@facmed.unam.mx Extensi\u00f3n: 32411DELEGADO ADMINISTRATIVO DE POSGRADO Aaron Casta\u00f1eda Ortiz Email: aaronc@unam.mx Extensi\u00f3n: 37257 COORDINADORA DE OPERACI\u00d3N ADMINISTRATIVA DE INVESTIGACI\u00d3N Mtra.Fernanda Pereira da Costa Email: fpereira@unam.mx Extensi\u00f3n: 43047JEFE DE DEPARTAMENTO CONTABILIDAD, PRESUPUESTO Y TR\u00c1MITE Lic. [&hellip;]<\/p>\n","protected":false},"author":1,"featured_media":0,"parent":0,"menu_order":0,"comment_status":"closed","ping_status":"closed","template":"","meta":{"_et_pb_use_builder":"on","_et_pb_old_content":"<!-- wp:divi\/placeholder \/-->","_et_gb_content_width":"","footnotes":""},"class_list":["post-26","page","type-page","status-publish","hentry"],"_links":{"self":[{"href":"https:\/\/administrativa.facmed.unam.mx\/index.php\/wp-json\/wp\/v2\/pages\/26","targetHints":{"allow":["GET"]}}],"collection":[{"href":"https:\/\/administrativa.facmed.unam.mx\/index.php\/wp-json\/wp\/v2\/pages"}],"about":[{"href":"https:\/\/administrativa.facmed.unam.mx\/index.php\/wp-json\/wp\/v2\/types\/page"}],"author":[{"embeddable":true,"href":"https:\/\/administrativa.facmed.unam.mx\/index.php\/wp-json\/wp\/v2\/users\/1"}],"replies":[{"embeddable":true,"href":"https:\/\/administrativa.facmed.unam.mx\/index.php\/wp-json\/wp\/v2\/comments?post=26"}],"version-history":[{"count":176,"href":"https:\/\/administrativa.facmed.unam.mx\/index.php\/wp-json\/wp\/v2\/pages\/26\/revisions"}],"predecessor-version":[{"id":1755,"href":"https:\/\/administrativa.facmed.unam.mx\/index.php\/wp-json\/wp\/v2\/pages\/26\/revisions\/1755"}],"wp:attachment":[{"href":"https:\/\/administrativa.facmed.unam.mx\/index.php\/wp-json\/wp\/v2\/media?parent=26"}],"curies":[{"name":"wp","href":"https:\/\/api.w.org\/{rel}","templated":true}]}}